{"id":128,"date":"2023-06-15T09:02:20","date_gmt":"2023-06-15T07:02:20","guid":{"rendered":"https:\/\/dosell.se\/?post_type=product&#038;p=128"},"modified":"2025-06-19T10:09:47","modified_gmt":"2025-06-19T08:09:47","slug":"dosell-lakemedelsrobot","status":"publish","type":"product","link":"https:\/\/dosell.se\/en\/produkt\/dosell-lakemedelsrobot\/","title":{"rendered":"Dosell L\u00e4kemedelsrobot"},"content":{"rendered":"<p>Alla som idag f\u00e5r sina mediciner f\u00f6rpackade i dosp\u00e5sar kan anv\u00e4nda Dosell f\u00f6r att underl\u00e4tta vardagen. Dosell har anv\u00e4ndare i alla \u00e5ldrar. L\u00e4kemedelsroboten p\u00e5minner med hj\u00e4lp av ljud och ljus samt larm via SMS om aktuell dos inte tagits i r\u00e4tt tid. Upplev s\u00e4krare medicinering med den svensktillverkade l\u00e4kemedelsroboten Dosell.<\/p>\n<p><strong>Dosell \u00e4r en abonnemangstj\u00e4nst. Abonnemang f\u00f6r Dosell aktiveras i tillh\u00f6rande applikation genom att ett betalkort registreras direkt i appen. Kostnaden \u00e4r 299 kr per m\u00e5nad utan bindningstid.<\/strong><\/p>\n<ul>\n<li>Slipp sortera l\u00e4kemedel<\/li>\n<li>Bli p\u00e5mind och f\u00e5 r\u00e4tt dos i r\u00e4tt tid<\/li>\n<li>F\u00e5 dospa\u030asen uppklippt s\u00e5 att du sj\u00e4lv slipper g\u00f6ra det. Detta \u00e4r s\u00e4rskilt viktigt f\u00f6r anv\u00e4ndare som har problem med skakningar i h\u00e4nderna<\/li>\n<li>V\u00e4lj upp till tre personer som ska vara mottagare av eventuella larm om n\u00e5got blivit fel eller om dospa\u030asen inte tagits ut efter en viss tid.<\/li>\n<\/ul>\n<p><span style=\"text-decoration: underline;\"><strong>Ing\u00e5r i boxen:<\/strong><\/span><\/p>\n<ul>\n<li>1 Dosell<\/li>\n<li>1 N\u00e4tadapter<\/li>\n<li>1 Bordsst\u00e4ll<\/li>\n<li>1 Ark med skarvningstejp<\/li>\n<li>Manual<\/li>\n<\/ul>\n","protected":false},"excerpt":{"rendered":"<p>Alla som idag f\u00e5r sina mediciner f\u00f6rpackade i dosp\u00e5sar kan anv\u00e4nda Dosell f\u00f6r att underl\u00e4tta vardagen. Dosell har anv\u00e4ndare i alla \u00e5ldrar. L\u00e4kemedelsroboten p\u00e5minner med hj\u00e4lp av ljud och ljus samt larm via SMS om aktuell dos inte tagits i r\u00e4tt tid. Upplev s\u00e4krare medicinering med den svensktillverkade l\u00e4kemedelsroboten Dosell. Dosell \u00e4r en abonnemangstj\u00e4nst. Abonnemang [&hellip;]<\/p>\n","protected":false},"featured_media":13,"comment_status":"open","ping_status":"closed","template":"","meta":{"inline_featured_image":false},"product_brand":[],"product_cat":[18],"product_tag":[],"class_list":{"0":"post-128","1":"product","2":"type-product","3":"status-publish","4":"has-post-thumbnail","6":"product_cat-lakemedelsrobot","8":"first","9":"instock","10":"taxable","11":"shipping-taxable","12":"purchasable","13":"product-type-simple"},"_links":{"self":[{"href":"https:\/\/dosell.se\/en\/wp-json\/wp\/v2\/product\/128","targetHints":{"allow":["GET"]}}],"collection":[{"href":"https:\/\/dosell.se\/en\/wp-json\/wp\/v2\/product"}],"about":[{"href":"https:\/\/dosell.se\/en\/wp-json\/wp\/v2\/types\/product"}],"replies":[{"embeddable":true,"href":"https:\/\/dosell.se\/en\/wp-json\/wp\/v2\/comments?post=128"}],"wp:featuredmedia":[{"embeddable":true,"href":"https:\/\/dosell.se\/en\/wp-json\/wp\/v2\/media\/13"}],"wp:attachment":[{"href":"https:\/\/dosell.se\/en\/wp-json\/wp\/v2\/media?parent=128"}],"wp:term":[{"taxonomy":"product_brand","embeddable":true,"href":"https:\/\/dosell.se\/en\/wp-json\/wp\/v2\/product_brand?post=128"},{"taxonomy":"product_cat","embeddable":true,"href":"https:\/\/dosell.se\/en\/wp-json\/wp\/v2\/product_cat?post=128"},{"taxonomy":"product_tag","embeddable":true,"href":"https:\/\/dosell.se\/en\/wp-json\/wp\/v2\/product_tag?post=128"}],"curies":[{"name":"wp","href":"https:\/\/api.w.org\/{rel}","templated":true}]}}