{"id":463,"date":"2023-08-28T16:39:28","date_gmt":"2023-08-28T14:39:28","guid":{"rendered":"https:\/\/dosell.se\/?page_id=463"},"modified":"2023-08-29T22:05:12","modified_gmt":"2023-08-29T20:05:12","slug":"usermanuals","status":"publish","type":"page","link":"https:\/\/dosell.se\/en\/usermanuals\/","title":{"rendered":"Manualer"},"content":{"rendered":"<div class=\"hero \">\n\n\t<div class=\"jumbo\" style=\"background-image: url('https:\/\/dosell.se\/wp-content\/uploads\/img-support.jpg')\">\n\n\t\t<div class=\"maintext\">\n\n\t\t\t\n\n<h1 class=\"wp-block-heading\">Manuals<\/h1>\n\n\n\t\t<\/div>\n\n\t<\/div>\n\n<\/div>\n\n\n\n<figure class=\"wp-block-table table\"><table><tbody><tr><td>Anv\u00e4ndarmanual Dosell f\u00f6r f\u00f6retag &#8211; svenska<\/td><td><a href=\"\/wp-content\/uploads\/Se-Dosell-Anvandarmanual-2.1.5.b-1.pdf\" target=\"_blank\" rel=\"noopener\"><i class=\"fa-solid fa-file-pdf\"><\/i><\/a><\/td><\/tr><tr><td>User manual Dosell for business &#8211; English<\/td><td><a href=\"\/wp-content\/uploads\/En-Dosell-User-Manual-2.4.5.b-1.pdf\" target=\"_blank\" rel=\"noopener\"><i class=\"fa-solid fa-file-pdf\"><\/i><\/a><\/td><\/tr><tr><td>Brukermanual Dosell for selskaper &#8211; norsk<\/td><td><a href=\"\/wp-content\/uploads\/No-Dosell-Brukermanual-2.2.3.b.pdf\" target=\"_blank\" rel=\"noopener\"><i class=\"fa-solid fa-file-pdf\"><\/i><\/a><\/td><\/tr><tr><td>K\u00e4ytt\u00f6ohje Dosell yrityksille &#8211; suomalainen<\/td><td><a href=\"\/wp-content\/uploads\/Fi-Dosell-Kayttoopas-2.3.3.b.pdf\" target=\"_blank\" rel=\"noopener\"><i class=\"fa-solid fa-file-pdf\"><\/i><\/a><\/td><\/tr><tr><td>Anv\u00e4ndarmanual Dosell Konsument &#8211; svenska<\/td><td><a href=\"\/wp-content\/uploads\/Dosell-Anvandarmanual-2.1.4.c-1.pdf\" target=\"_blank\" rel=\"noopener\"><i class=\"fa-solid fa-file-pdf\"><\/i><\/a><\/td><\/tr><tr><td>Manuale per Dosell Drug Robot &#8211; italiano<\/td><td><a href=\"\/wp-content\/uploads\/LA_IT-Dosell-Manuale-duso-2.1.4.c_IT.pdf\" target=\"_blank\" rel=\"noopener\"><i class=\"fa-solid fa-file-pdf\"><\/i><\/a><\/td><\/tr><\/tbody><\/table><\/figure>\n\n\n\n<div style=\"height:100px\" aria-hidden=\"true\" class=\"wp-block-spacer\"><\/div>\n","protected":false},"excerpt":{"rendered":"<p>Anv\u00e4ndarmanual Dosell f\u00f6r f\u00f6retag &#8211; svenska User manual Dosell for business &#8211; English Brukermanual Dosell for selskaper &#8211; norsk K\u00e4ytt\u00f6ohje Dosell yrityksille &#8211; suomalainen Anv\u00e4ndarmanual Dosell Konsument &#8211; svenska Manuale per Dosell Drug Robot &#8211; italiano<\/p>\n","protected":false},"author":1,"featured_media":0,"parent":0,"menu_order":0,"comment_status":"closed","ping_status":"closed","template":"page-inner.php","meta":{"inline_featured_image":false,"footnotes":""},"class_list":["post-463","page","type-page","status-publish","hentry"],"featured_image_src":null,"featured_image_src_square":null,"_links":{"self":[{"href":"https:\/\/dosell.se\/en\/wp-json\/wp\/v2\/pages\/463","targetHints":{"allow":["GET"]}}],"collection":[{"href":"https:\/\/dosell.se\/en\/wp-json\/wp\/v2\/pages"}],"about":[{"href":"https:\/\/dosell.se\/en\/wp-json\/wp\/v2\/types\/page"}],"author":[{"embeddable":true,"href":"https:\/\/dosell.se\/en\/wp-json\/wp\/v2\/users\/1"}],"replies":[{"embeddable":true,"href":"https:\/\/dosell.se\/en\/wp-json\/wp\/v2\/comments?post=463"}],"version-history":[{"count":1,"href":"https:\/\/dosell.se\/en\/wp-json\/wp\/v2\/pages\/463\/revisions"}],"predecessor-version":[{"id":464,"href":"https:\/\/dosell.se\/en\/wp-json\/wp\/v2\/pages\/463\/revisions\/464"}],"wp:attachment":[{"href":"https:\/\/dosell.se\/en\/wp-json\/wp\/v2\/media?parent=463"}],"curies":[{"name":"wp","href":"https:\/\/api.w.org\/{rel}","templated":true}]}}