{"id":412,"date":"2023-05-31T16:07:25","date_gmt":"2023-05-31T14:07:25","guid":{"rendered":"https:\/\/dosell.se\/?page_id=412"},"modified":"2024-09-06T11:39:33","modified_gmt":"2024-09-06T09:39:33","slug":"support","status":"publish","type":"page","link":"https:\/\/dosell.se\/en\/support\/","title":{"rendered":"Support"},"content":{"rendered":"<div class=\"hero \">\n\n\t<div class=\"jumbo\" style=\"background-image: url('https:\/\/dosell.se\/wp-content\/uploads\/img-support.jpg')\">\n\n\t\t<div class=\"maintext\">\n\n\t\t\t\n\n<h1 class=\"wp-block-heading\">Support<\/h1>\n\n\n\t\t<\/div>\n\n\t<\/div>\n\n<\/div>\n\n\n\n<h2 class=\"wp-block-heading has-text-align-center\">What is Dosell and who can use the service?<\/h2>\n\n\n\n<p class=\"has-text-align-center\">Dosell is a medication robot designed to facilitate safer and easier medication management at home. Prior to the launch of Dosell Consumer, medication robots were typically only accessible through home healthcare services or public healthcare systems. <\/p>\n\n\n\n<p class=\"has-text-align-center\">To obtain your medication in pauches, you can consult with your physician or conveniently order <a href=\"https:\/\/www.apoteket.se\/dospac\/?gclid=Cj0KCQjw0bunBhD9ARIsAAZl0E1e5NdEazuAS63OOBesDllZIwoMvY0RtcFs1R9m8yBZwvKAQYtehgQaAt02EALw_wcB&amp;gclsrc=aw.ds\">DosPac here<\/a>.<\/p>\n\n\n\n<p class=\"has-text-align-center\"><\/p>\n\n\n\n<h2 class=\"wp-block-heading mt100\">FAQ<\/h2>\n\n\n\n<div class=\"wp-block-genesis-blocks-gb-accordion gb-block-accordion\"><details><summary class=\"gb-accordion-title\">Do I need to add my bankcard to get a free month?<\/summary><div class=\"gb-accordion-text\">\n<p>Yes. Apply the discount code at the same time you add your bankcard details. If you later do not want to continue use Dosell you will have to terminate your subscription before the next payment to not be charged the upcoming month. You terminate the subscription in the app under subscriptions.&nbsp;<\/p>\n<\/div><\/details><\/div>\n\n\n\n<div class=\"wp-block-genesis-blocks-gb-accordion gb-block-accordion\"><details><summary class=\"gb-accordion-title\">How do I attach the discount code?<\/summary><div class=\"gb-accordion-text\">\n<p>You add your discount code simultaneously as you put in your bankcard details.&nbsp;&nbsp;<\/p>\n<\/div><\/details><\/div>\n\n\n\n<div class=\"wp-block-genesis-blocks-gb-accordion gb-block-accordion\"><details><summary class=\"gb-accordion-title\">How do I splice my sachet roll with a new?<\/summary><div class=\"gb-accordion-text\">\n<p>Choose \u2018\u2019Load sachet roll\u2019\u2019 in the app and then \u2013&gt; \u2018\u2019Splice sachet strip\u2019\u2019, follow the instructions. Splice the sachet roll on the back of the sachet strip.&nbsp;<\/p>\n<\/div><\/details><\/div>\n\n\n\n<div class=\"wp-block-genesis-blocks-gb-accordion gb-block-accordion\"><details><summary class=\"gb-accordion-title\">I ran out of splice tape, how do I get a new one?<br\/><\/summary><div class=\"gb-accordion-text\">\n<p>Contact&nbsp;<a href=\"mailto:support@dosell.com\">support@dosell.com<\/a><\/p>\n<\/div><\/details><\/div>\n\n\n\n<div class=\"wp-block-genesis-blocks-gb-accordion gb-block-accordion\"><details><summary class=\"gb-accordion-title\">What happens if I splice on the front of the sachet strip?<\/summary><div class=\"gb-accordion-text\">\n<p>Dosell will most likely send the alarm \u2018\u2019Failed to read next time of dispensation\u2019\u2019 and you will have to re-load the strip. The tape may interfere with the camera in Dosell and result in difficulties reading the information on the sachet.&nbsp;&nbsp;<\/p>\n<\/div><\/details><\/div>\n\n\n\n<div class=\"wp-block-genesis-blocks-gb-accordion gb-block-accordion\"><details><summary class=\"gb-accordion-title\">There are new\/ different times on my new sachet strip compared to the old, can I still splice them together?<\/summary><div class=\"gb-accordion-text\">\n<p>No, if the time on the strips varies you should not splice them together but let the old strip run out before loading with the new one. This because Dosell by safety reasons stops the dispensing if there is a different dispensing schedule in the middle of the strip.&nbsp;<\/p>\n<\/div><\/details><\/div>\n\n\n\n<div class=\"wp-block-genesis-blocks-gb-accordion gb-block-accordion\"><details><summary class=\"gb-accordion-title\">I am trying to load Dosell with a new sachet strip but fail. What am I doing wrong?<\/summary><div class=\"gb-accordion-text\">\n<p>There could be several reasons, ensure below:&nbsp;&nbsp;<\/p>\n\n\n\n<ul class=\"wp-block-list\">\n<li>Led-light 1 is green, the power cord is connected&nbsp;<\/li>\n\n\n\n<li>Led-light 2 is off or green&nbsp;<\/li>\n\n\n\n<li>Enter a date for \u2018\u2019last day of dispensation\u2019\u2019 that is longer than 2 days ahead&nbsp;<\/li>\n<\/ul>\n\n\n\n<ul class=\"wp-block-list\">\n<li>You have torn off the empty bags that can be found in the begging of a new sachet strip&nbsp;<\/li>\n\n\n\n<li>The first sachet must be ahead in time, if its 17:00 and you are trying to load a sachet strip with the first dispensation of 17:00 the attempt will fail. You will need at least a few minutes margin.&nbsp;&nbsp;<\/li>\n<\/ul>\n\n\n\n<p>If the loading procedure still fails, turn off the Dosell according to the instructions that follows in the package, re-start it and try again.&nbsp;&nbsp;<\/p>\n<\/div><\/details><\/div>\n\n\n\n<div class=\"wp-block-genesis-blocks-gb-accordion gb-block-accordion\"><details><summary class=\"gb-accordion-title\">What kind of telephone can I use for the application?<\/summary><div class=\"gb-accordion-text\">\n<p>iOS 10 or later and Android 6 or later.<\/p>\n<\/div><\/details><\/div>\n\n\n\n<div class=\"wp-block-genesis-blocks-gb-accordion gb-block-accordion\"><details><summary class=\"gb-accordion-title\">How do I pair to Dosell?<\/summary><div class=\"gb-accordion-text\">\n<p>You must have Bluetooth turned on your telephone. All instructions are included in the app as well as the QuickGuide. See the instructions under \u2018\u2019Pair to Dosell\u2019\u2019 in the app and follow the steps provided.&nbsp;&nbsp;<\/p>\n<\/div><\/details><\/div>\n\n\n\n<div class=\"wp-block-genesis-blocks-gb-accordion gb-block-accordion\"><details><summary class=\"gb-accordion-title\">Do I need to be logged in to the app for Dosell to give me my medicine?<\/summary><div class=\"gb-accordion-text\">\n<p>No<\/p>\n<\/div><\/details><\/div>\n\n\n\n<div class=\"wp-block-genesis-blocks-gb-accordion gb-block-accordion\"><details><summary class=\"gb-accordion-title\">Do I need internet to use Dosell?<\/summary><div class=\"gb-accordion-text\">\n<p>No. You only need internet connection on the phone that uses the app (in order to activate the subscription and load Dosell with a sachet strip).&nbsp;&nbsp;<\/p>\n<\/div><\/details><\/div>\n\n\n\n<div class=\"wp-block-genesis-blocks-gb-accordion gb-block-accordion\"><details><summary class=\"gb-accordion-title\">I want to change the card that is debited for the subscription, how do I do this?<\/summary><div class=\"gb-accordion-text\">\n<p>You do this in the app under \u2018\u2019My account \u2013 subscription\u2019\u2019.&nbsp;<\/p>\n<\/div><\/details><\/div>\n\n\n\n<div class=\"wp-block-genesis-blocks-gb-accordion gb-block-accordion\"><details><summary class=\"gb-accordion-title\">We need to pause the subscription, how do I do this?<\/summary><div class=\"gb-accordion-text\">\n<p>In the app under \u2018\u2019My account \u2013 subscription\u2019\u2019, simply pick terminate. You can later on choose a subscription plan and activate it when you want to use Dosell again.&nbsp;&nbsp;<\/p>\n<\/div><\/details><\/div>\n\n\n\n<div class=\"wp-block-genesis-blocks-gb-accordion gb-block-accordion\"><details><summary class=\"gb-accordion-title\">We bought two Dosell, do I need two applications or does it work with one phone?<\/summary><div class=\"gb-accordion-text\">\n<p>You can use the same phone and application for several Dosell, however ensure that you have an active subscription for each unit. You will then see 2 Dosell under \u2018\u2019My account\u2019\u2019.&nbsp;&nbsp;<\/p>\n<\/div><\/details><\/div>\n\n\n\n<div class=\"wp-block-genesis-blocks-gb-accordion gb-block-accordion\"><details><summary class=\"gb-accordion-title\">What does the 3 led lights on Dosell mean?<br\/><\/summary><div class=\"gb-accordion-text\">\n<p><strong>Status light 1 \u2013 Power supply<\/strong>&nbsp;<\/p>\n\n\n\n<figure class=\"wp-block-table\"><table><tbody><tr><td>Green&nbsp;<\/td><td>Dosell is switched on and has power supply&nbsp;<\/td><\/tr><tr><td>Yellow&nbsp;<\/td><td>Dosell is switched on but lacks power supply and uses its battery. Dosell has a limited battery supply of 48h, attach the power cord as soon as possible&nbsp;&nbsp;<\/td><\/tr><tr><td>Red&nbsp;<\/td><td>Dosell is switched on but lacks power supply and uses its battery, the battery is critically low. Attach the power cord as soon as possible and restart Dosell&nbsp;<\/td><\/tr><tr><td>Off&nbsp;&nbsp;<\/td><td>Dosell is switched off&nbsp;&nbsp;<\/td><\/tr><\/tbody><\/table><\/figure>\n\n\n\n<p><strong>Status light 2 \u2013 Connection to cloud service<\/strong>&nbsp;<\/p>\n\n\n\n<figure class=\"wp-block-table\"><table><tbody><tr><td>Green&nbsp;<\/td><td>Dosell has successfully established a connection to the cloud and sent information. The green light will shut down in a few minutes&nbsp;<\/td><\/tr><tr><td>Yellow&nbsp;<\/td><td>Dosell is trying to establish a connection to the cloud service.&nbsp;&nbsp;&nbsp;NOTE: If light no 2 is yellow you cannot pair, wait until the light goes out.&nbsp;&nbsp;<\/td><\/tr><tr><td>Red&nbsp;<\/td><td>Dosell has failed to establish a connection to the cloud, probably because Dosell does not have internet coverage. Try to relocate Dosell and restart it.&nbsp;&nbsp;&nbsp;If the problem persists, contact your purchase place.&nbsp;&nbsp;<\/td><\/tr><tr><td>Off&nbsp;<\/td><td>By default, this light is always off except when it is trying or just have been in contact with the cloud&nbsp;<\/td><\/tr><\/tbody><\/table><\/figure>\n\n\n\n<p><strong>Status light 3 \u2013 Current status of Dosell<\/strong>&nbsp;<\/p>\n\n\n\n<figure class=\"wp-block-table\"><table><tbody><tr><td>Green&nbsp;<\/td><td>Ready to dispense the next sachet&nbsp;<\/td><\/tr><tr><td>Yellow&nbsp;<\/td><td>The sachet strip is starting to run out and needs to be refilled with a new one soon.&nbsp;&nbsp;<\/td><\/tr><tr><td>Red&nbsp;<\/td><td>An error has occurred. Check the type of error by connecting to Dosell with the app and looking at the alarm history. Restart the Dosell&nbsp;<\/td><\/tr><\/tbody><\/table><\/figure>\n<\/div><\/details><\/div>\n\n\n\n<div class=\"wp-block-genesis-blocks-gb-accordion gb-block-accordion\"><details><summary class=\"gb-accordion-title\">How do I turn Dosell on and off?<br\/><\/summary><div class=\"gb-accordion-text\">\n<p><strong>Start Dosell:&nbsp;<\/strong>&nbsp;Plug in the power cord, hold the button on Dosell for 3 seconds until you hear the motors inside starting, an upgoing tune and can see 3 green flashes in the sachet slot. The led lights on the side of the unit should be on as informed above. When the blue light in the sachet slot starts flashing after approximately 4 minutes you can connect through the application.&nbsp;&nbsp;<\/p>\n\n\n\n<p><strong>Shut off Dosell:<\/strong>&nbsp;&nbsp;Hold the button on Dosell for 8 seconds, until you hear a down going tune and can see 3 green flashes in the sachet slot. Unplug the power cord, all the led lights should be off, then the Dosell is shut off.&nbsp;&nbsp;<\/p>\n<\/div><\/details><\/div>\n\n\n\n<div class=\"wp-block-genesis-blocks-gb-accordion gb-block-accordion\"><details><summary class=\"gb-accordion-title\">What do all error codes mean?<br\/><\/summary><div class=\"gb-accordion-text\">\n<figure class=\"wp-block-table\"><table><tbody><tr><td><strong>Error code<\/strong><\/td><td><strong>Message&nbsp;<\/strong><\/td><td><strong>&nbsp;Action<\/strong><\/td><\/tr><tr><td>1<\/td><td>The clock has been corrected&nbsp;<\/td><td>No action<\/td><\/tr><tr><td>2<\/td><td>The clock differs by 5 minutes&nbsp;<\/td><td>Restart Dosell<\/td><\/tr><tr><td>3<\/td><td>Clock error&nbsp;<\/td><td>Restart Dosell<\/td><\/tr><tr><td>4<\/td><td>Unable to retrieve WAN time&nbsp;<\/td><td>Restart Dosell<\/td><\/tr><tr><td>5<\/td><td>Could not load dose roll&nbsp;<\/td><td>Restart Dosell and try again<\/td><\/tr><tr><td>6<\/td><td>Could not load dose roll<\/td><td>Restart Dosell and try again<\/td><\/tr><tr><td>7<\/td><td>Can not read time and date<\/td><td>Tear off the first bag and try again<\/td><\/tr><tr><td>8<\/td><td>The time and date for dispensation have already passed<\/td><td>Tear off the first bag and try again<\/td><\/tr><tr><td>9<\/td><td>Could not take reference picture<\/td><td>Restart Dosell and try again<\/td><\/tr><tr><td>10<\/td><td>Cannot find position for clip<\/td><td>Tear off the first bag and try again<\/td><\/tr><tr><td>11<\/td><td>Can not cut the next bag<\/td><td>Tear off the first bag and try again<\/td><\/tr><tr><td>12<\/td><td>Could not cut the next bag<\/td><td>Tear off the first bag and try again<\/td><\/tr><tr><td>13<\/td><td>The bag is not in the dose compartment after cutting<\/td><td>Reload the doseroll<\/td><\/tr><tr><td>14<\/td><td>The bag has not been removed from the compartment<\/td><td>Reload the doseroll<\/td><\/tr><tr><td>15<\/td><td>The time on the bag does not match the schedule<\/td><td>Reload the doseroll<\/td><\/tr><tr><td>16<\/td><td>Time to refill the dose roll<\/td><td>Load new doseroll<\/td><\/tr><tr><td>17<\/td><td>Button press is missing<\/td><td>Reload the doseroll<\/td><\/tr><tr><td>18<\/td><td>Last sachet dispensed<\/td><td>Reload the doseroll<\/td><\/tr><tr><td>400<\/td><td>Could not send SMS<\/td><td>Restart Dosell<\/td><\/tr><tr><td>401<\/td><td>Could not send SMS<\/td><td>Restart Dosell<\/td><\/tr><tr><td>500<\/td><td>Could not connect to WAN<\/td><td>Restart Dosell<\/td><\/tr><tr><td>600<\/td><td>Backend URL is missing<\/td><td>Contact support<\/td><\/tr><tr><td>601<\/td><td>Could not communicate with backend<\/td><td>Restart Dosell<\/td><\/tr><tr><td>602<\/td><td>Could not communicate with backend<\/td><td>Restart Dosell<\/td><\/tr><tr><td>603<\/td><td>Could not find backend API<\/td><td>Restart Dosell<\/td><\/tr><tr><td>700<\/td><td>Download server URL is missing<\/td><td>Contact support<\/td><\/tr><tr><td>701<\/td><td>Could not communicate with download server<\/td><td>Contact support<\/td><\/tr><tr><td>702<\/td><td>Could not authenticate download server<\/td><td>Contact support<\/td><\/tr><tr><td>703<\/td><td>Could not access download server API<\/td><td>Contact support<\/td><\/tr><tr><td>704<\/td><td>Could not list content in download server<\/td><td>Contact support<\/td><\/tr><tr><td>705<\/td><td>Incorrect information received from download server<\/td><td>Contact support<\/td><\/tr><tr><td>706<\/td><td>Failed to validate downloaded file<\/td><td>Contact support<\/td><\/tr><tr><td>800<\/td><td>Upload server URL is missing<\/td><td>Contact support<\/td><\/tr><tr><td>801<\/td><td>Could not communicate with upload server<\/td><td>Contact support<\/td><\/tr><tr><td>802<\/td><td>Could not authenticate upload server<\/td><td>Contact support<\/td><\/tr><tr><td>803<\/td><td>Could not find upload server API<\/td><td>Contact support<\/td><\/tr><tr><td>900<\/td><td>A serious error has been detected that may require technical service<\/td><td>Contact support<\/td><\/tr><\/tbody><\/table><\/figure>\n<\/div><\/details><\/div>\n\n\n\n<h2 class=\"wp-block-heading mt100\">Manuals<\/h2>\n\n\n\n<figure class=\"wp-block-table table\"><table><tbody><tr><td>Anv\u00e4ndarmanual Dosell 2.0 f\u00f6r f\u00f6retag &#8211; svenska<\/td><td><a href=\"\/wp-content\/uploads\/Se-Dosell-Anvandarmanual-2.1.5.b-1.pdf\" target=\"_blank\" rel=\"noopener\"><i class=\"fa-solid fa-file-pdf\"><\/i><\/a><\/td><\/tr><tr><td>Anv\u00e4ndarmanual Dosell 3.0 f\u00f6r f\u00f6retag &#8211; svenska<\/td><td><a href=\"https:\/\/dosell.se\/wp-content\/uploads\/Se-Dosell-Anvandarmanual-3.0-1.0A.pdf\" target=\"_blank\" rel=\"noopener\"><i class=\"fa-solid fa-file-pdf\"><\/i><\/a><\/td><\/tr><tr><td>User manual Dosell 2.0 for business &#8211; English<\/td><td><a href=\"\/wp-content\/uploads\/En-Dosell-User-Manual-2.4.5.b-1.pdf\" target=\"_blank\" rel=\"noopener\"><i class=\"fa-solid fa-file-pdf\"><\/i><\/a><\/td><\/tr><tr><td>User manual Dosell 3.0 for business &#8211; English<\/td><td><a href=\"https:\/\/dosell.se\/wp-content\/uploads\/En-Dosell-User-Manual-3.0-1.0A.pdf\" target=\"_blank\" rel=\"noopener\"><i class=\"fa-solid fa-file-pdf\"><\/i><\/a><\/td><\/tr><tr><td>Brukermanual Dosell for selskaper &#8211; norsk<\/td><td><a href=\"\/wp-content\/uploads\/No-Dosell-Brukermanual-2.2.3.b.pdf\" target=\"_blank\" rel=\"noopener\"><i class=\"fa-solid fa-file-pdf\"><\/i><\/a><\/td><\/tr><tr><td>K\u00e4ytt\u00f6ohje Dosell yrityksille &#8211; suomalainen<\/td><td><a href=\"\/wp-content\/uploads\/Fi-Dosell-Kayttoopas-2.3.3.b.pdf\" target=\"_blank\" rel=\"noopener\"><i class=\"fa-solid fa-file-pdf\"><\/i><\/a><\/td><\/tr><tr><td>Anv\u00e4ndarmanual Dosell Konsument &#8211; svenska<\/td><td><a href=\"\/wp-content\/uploads\/Dosell-Anvandarmanual-2.1.4.c-1.pdf\" target=\"_blank\" rel=\"noopener\"><i class=\"fa-solid fa-file-pdf\"><\/i><\/a><\/td><\/tr><tr><td>Manuale per Dosell Drug Robot &#8211; italiano<\/td><td><a href=\"\/wp-content\/uploads\/LA_IT-Dosell-Manuale-duso-2.1.4.c_IT.pdf\" target=\"_blank\" rel=\"noopener\"><i class=\"fa-solid fa-file-pdf\"><\/i><\/a><\/td><\/tr><\/tbody><\/table><\/figure>\n\n\n\n<h3 class=\"wp-block-heading mt100\">Have you not received an answer to your question or need further help?&nbsp;<\/h3>\n\n\n\n<p>Contact us via email:&nbsp;<a href=\"mailto:support@dosell.com\">support@dosell.com<\/a>&nbsp;or telephone 08-211121<a href=\"https:\/\/dosell.se\/vara-partners\/\"><\/a><\/p>\n\n\n\n<p><strong>Are you looking for someone at Dosell?&nbsp;&nbsp;<\/strong><br>Email your contact person at firstname.lastname@dosell.com<\/p>\n\n\n\n<div style=\"height:100px\" aria-hidden=\"true\" class=\"wp-block-spacer\"><\/div>\n","protected":false},"excerpt":{"rendered":"<p>What is Dosell and who can use the service? Dosell is a medication robot designed to facilitate safer and easier medication management at home. Prior to the launch of Dosell Consumer, medication robots were typically only accessible through home healthcare services or public healthcare systems. To obtain your medication in pauches, you can consult with [&hellip;]<\/p>\n","protected":false},"author":1,"featured_media":0,"parent":0,"menu_order":0,"comment_status":"closed","ping_status":"closed","template":"page-inner.php","meta":{"inline_featured_image":false,"footnotes":""},"class_list":["post-412","page","type-page","status-publish","hentry"],"featured_image_src":null,"featured_image_src_square":null,"_links":{"self":[{"href":"https:\/\/dosell.se\/en\/wp-json\/wp\/v2\/pages\/412","targetHints":{"allow":["GET"]}}],"collection":[{"href":"https:\/\/dosell.se\/en\/wp-json\/wp\/v2\/pages"}],"about":[{"href":"https:\/\/dosell.se\/en\/wp-json\/wp\/v2\/types\/page"}],"author":[{"embeddable":true,"href":"https:\/\/dosell.se\/en\/wp-json\/wp\/v2\/users\/1"}],"replies":[{"embeddable":true,"href":"https:\/\/dosell.se\/en\/wp-json\/wp\/v2\/comments?post=412"}],"version-history":[{"count":6,"href":"https:\/\/dosell.se\/en\/wp-json\/wp\/v2\/pages\/412\/revisions"}],"predecessor-version":[{"id":1060,"href":"https:\/\/dosell.se\/en\/wp-json\/wp\/v2\/pages\/412\/revisions\/1060"}],"wp:attachment":[{"href":"https:\/\/dosell.se\/en\/wp-json\/wp\/v2\/media?parent=412"}],"curies":[{"name":"wp","href":"https:\/\/api.w.org\/{rel}","templated":true}]}}